{"id":7365,"date":"2023-12-21T09:15:13","date_gmt":"2023-12-21T09:15:13","guid":{"rendered":"https:\/\/thalerwineselection.it\/contatto\/impressum\/"},"modified":"2023-12-21T09:17:19","modified_gmt":"2023-12-21T09:17:19","slug":"impressum","status":"publish","type":"page","link":"https:\/\/thalerwineselection.it\/it\/contatto\/impressum\/","title":{"rendered":"Impressum"},"content":{"rendered":"<h3>Responsabile per il sito<\/h3>\n<p><strong>Thaler S.r.l.<\/strong><br \/>\nVia Portici 69<br \/>\n39100 Bolzano \/ Italia<\/p>\n<p>Tel.: +39 0471 313012<br \/>\nFax: +39 0471 313001<br \/>\ne-Mail:\u00a0<a href=\"mailto:shop@thaler.bz.it\">shop@thaler.bz.it<\/a><br \/>\nPEC:\u00a0<a href=\"mailto:sdi@pec.thaler.bz.it\">sdi@pec.thaler.bz.it<\/a><br \/>\nCodice Destinale: T04ZHR3<\/p>\n<p>Registrazione nel registro delle imprese<br \/>\ndella Camera di Commercio di Bolzano N.: 00123080210<br \/>\nPart. Iva e Cod. fisc.: 00123080210<br \/>\nUID &#8211; Nr.: IT00123080210<\/p>\n<p>Piattaforma della Commissione Europea per la risoluzione delle controversie:\u00a0<a href=\"https:\/\/ec.europa.eu\/consumers\/odr\" target=\"_blank\" rel=\"noopener\">ec.europa.eu\/consumers\/odr<\/a><br \/>\nIl venditore non \u00e8 n\u00e9 obbligato giuridicamente, n\u00e9 disposto a partecipare ad un procedimento di risoluzione delle controversie dinanzi ad un organo di conciliazione.<br \/>\nAmministratore delegato:\u00a0Christian Kaspareth<\/p>\n<hr \/>\n<h3>Realizzazione:<\/h3>\n<p><strong>ecom GmbH<\/strong><br \/>\nVia Kravogl 7<br \/>\n39100 Bolzano\/ Italia<\/p>\n<p>Tel.: +39 0471 243360<br \/>\nE-Mail:\u00a0<a href=\"mailto:info@ecom.bz.it\">info@ecom.bz.it<\/a><br \/>\nHomepage:\u00a0<a title=\"Gli specialisti del commercio elettronico in Alto Adige\" href=\"http:\/\/www.ecom.bz.it\/\" target=\"_blank\" rel=\"noopener\">www.ecom.bz.it<\/a><\/p>\n<p><a title=\"ecom - ecommerce solutions\" href=\"http:\/\/www.ecom.bz.it\/\" target=\"_blank\" rel=\"noopener\"><img decoding=\"async\" class=\"img-fluid\" src=\"https:\/\/ecom.bz.it\/wp-content\/uploads\/2017\/11\/ECOM_Logo_PNG_200_pixel.png\" alt=\"ecom - ecommerce solutions\" width=\"200px\" \/><\/a><\/p>\n","protected":false},"excerpt":{"rendered":"<p>Responsabile per il sito Thaler S.r.l. Via Portici 69 39100 Bolzano \/ Italia Tel.: +39 0471 313012 Fax: +39 0471 313001 e-Mail:\u00a0shop@thaler.bz.it PEC:\u00a0sdi@pec.thaler.bz.it Codice Destinale: T04ZHR3 Registrazione nel registro delle imprese della Camera di Commercio di Bolzano N.: 00123080210 Part. Iva e Cod. fisc.: 00123080210 UID &#8211; Nr.: IT00123080210 Piattaforma della Commissione Europea per la [&hellip;]<\/p>\n","protected":false},"author":1,"featured_media":0,"parent":6806,"menu_order":30,"comment_status":"closed","ping_status":"closed","template":"","meta":{"inline_featured_image":false,"footnotes":""},"class_list":["post-7365","page","type-page","status-publish","hentry"],"aioseo_notices":[],"_links":{"self":[{"href":"https:\/\/thalerwineselection.it\/it\/wp-json\/wp\/v2\/pages\/7365","targetHints":{"allow":["GET"]}}],"collection":[{"href":"https:\/\/thalerwineselection.it\/it\/wp-json\/wp\/v2\/pages"}],"about":[{"href":"https:\/\/thalerwineselection.it\/it\/wp-json\/wp\/v2\/types\/page"}],"author":[{"embeddable":true,"href":"https:\/\/thalerwineselection.it\/it\/wp-json\/wp\/v2\/users\/1"}],"replies":[{"embeddable":true,"href":"https:\/\/thalerwineselection.it\/it\/wp-json\/wp\/v2\/comments?post=7365"}],"version-history":[{"count":2,"href":"https:\/\/thalerwineselection.it\/it\/wp-json\/wp\/v2\/pages\/7365\/revisions"}],"predecessor-version":[{"id":7367,"href":"https:\/\/thalerwineselection.it\/it\/wp-json\/wp\/v2\/pages\/7365\/revisions\/7367"}],"up":[{"embeddable":true,"href":"https:\/\/thalerwineselection.it\/it\/wp-json\/wp\/v2\/pages\/6806"}],"wp:attachment":[{"href":"https:\/\/thalerwineselection.it\/it\/wp-json\/wp\/v2\/media?parent=7365"}],"curies":[{"name":"wp","href":"https:\/\/api.w.org\/{rel}","templated":true}]}}