{"id":7583,"date":"2024-01-18T16:43:22","date_gmt":"2024-01-18T15:43:22","guid":{"rendered":"https:\/\/thalerwineselection.it\/?page_id=7583"},"modified":"2024-01-29T17:34:12","modified_gmt":"2024-01-29T16:34:12","slug":"la-nostra-champagne","status":"publish","type":"page","link":"https:\/\/thalerwineselection.it\/it\/la-nostra-champagne\/","title":{"rendered":"La nostra Champagne"},"content":{"rendered":"\t\t<div data-elementor-type=\"wp-page\" data-elementor-id=\"7583\" class=\"elementor elementor-7583\">\n\t\t\t\t\t\t<div class=\"elementor-section elementor-top-section elementor-element elementor-element-283b95e elementor-section-full_width elementor-section-stretched elementor-section-height-min-height elementor-section-height-default elementor-section-items-middle\" data-id=\"283b95e\" data-element_type=\"section\" data-e-type=\"section\" data-settings=\"{&quot;stretch_section&quot;:&quot;section-stretched&quot;,&quot;background_background&quot;:&quot;classic&quot;}\">\n\t\t\t\t\t\t\t<div class=\"elementor-background-overlay\"><\/div>\n\t\t\t\t\t\t\t<div class=\"elementor-container elementor-column-gap-no\">\n\t\t\t\t\t<div class=\"elementor-column elementor-col-100 elementor-top-column elementor-element elementor-element-c061bb5\" data-id=\"c061bb5\" data-element_type=\"column\" data-e-type=\"column\">\n\t\t\t<div class=\"elementor-widget-wrap elementor-element-populated\">\n\t\t\t\t\t\t<div class=\"elementor-element elementor-element-4ef0fd4 elementor-widget elementor-widget-heading\" data-id=\"4ef0fd4\" data-element_type=\"widget\" data-e-type=\"widget\" data-widget_type=\"heading.default\">\n\t\t\t\t<div class=\"elementor-widget-container\">\n\t\t\t\t\t<h2 class=\"elementor-heading-title elementor-size-default\">LA NOSTRA CHAMPAGNE:<\/h2>\t\t\t\t<\/div>\n\t\t\t\t<\/div>\n\t\t\t\t<div class=\"elementor-element elementor-element-2100c95 elementor-widget elementor-widget-heading\" data-id=\"2100c95\" data-element_type=\"widget\" data-e-type=\"widget\" data-widget_type=\"heading.default\">\n\t\t\t\t<div class=\"elementor-widget-container\">\n\t\t\t\t\t<h2 class=\"elementor-heading-title elementor-size-default\">GEOLOGIA E IDENTIT\u00c1<\/h2>\t\t\t\t<\/div>\n\t\t\t\t<\/div>\n\t\t\t\t\t<\/div>\n\t\t<\/div>\n\t\t\t\t\t<\/div>\n\t\t<\/div>\n\t\t\t\t<div class=\"elementor-section elementor-top-section elementor-element elementor-element-e16f9e6 elementor-section-stretched elementor-hidden-phone elementor-section-boxed elementor-section-height-default elementor-section-height-default\" data-id=\"e16f9e6\" data-element_type=\"section\" data-e-type=\"section\" data-settings=\"{&quot;stretch_section&quot;:&quot;section-stretched&quot;}\">\n\t\t\t\t\t\t<div class=\"elementor-container elementor-column-gap-no\">\n\t\t\t\t\t<div class=\"elementor-column elementor-col-100 elementor-top-column elementor-element elementor-element-7c1ab41\" data-id=\"7c1ab41\" data-element_type=\"column\" data-e-type=\"column\">\n\t\t\t<div class=\"elementor-widget-wrap elementor-element-populated\">\n\t\t\t\t\t\t<div class=\"elementor-element elementor-element-4b61d7a elementor-widget__width-initial elementor-absolute elementor-widget-tablet__width-initial elementor-widget elementor-widget-image\" data-id=\"4b61d7a\" data-element_type=\"widget\" data-e-type=\"widget\" data-settings=\"{&quot;_position&quot;:&quot;absolute&quot;}\" data-widget_type=\"image.default\">\n\t\t\t\t<div class=\"elementor-widget-container\">\n\t\t\t\t\t\t\t\t\t\t\t\t\t\t\t<img fetchpriority=\"high\" decoding=\"async\" width=\"1605\" height=\"680\" src=\"https:\/\/thalerwineselection.it\/wp-content\/uploads\/2024\/01\/Champagne\u200b.jpg\" class=\"attachment-full size-full wp-image-7605\" alt=\"Champagne\" srcset=\"https:\/\/thalerwineselection.it\/wp-content\/uploads\/2024\/01\/Champagne\u200b.jpg 1605w, https:\/\/thalerwineselection.it\/wp-content\/uploads\/2024\/01\/Champagne\u200b-300x127.jpg 300w, https:\/\/thalerwineselection.it\/wp-content\/uploads\/2024\/01\/Champagne\u200b-1024x434.jpg 1024w, https:\/\/thalerwineselection.it\/wp-content\/uploads\/2024\/01\/Champagne\u200b-768x325.jpg 768w, https:\/\/thalerwineselection.it\/wp-content\/uploads\/2024\/01\/Champagne\u200b-1536x651.jpg 1536w, https:\/\/thalerwineselection.it\/wp-content\/uploads\/2024\/01\/Champagne\u200b-630x267.jpg 630w\" sizes=\"(max-width: 1605px) 100vw, 1605px\" \/>\t\t\t\t\t\t\t\t\t\t\t\t\t\t\t<\/div>\n\t\t\t\t<\/div>\n\t\t\t\t<div class=\"elementor-element elementor-element-90039d4 elementor-widget elementor-widget-spacer\" data-id=\"90039d4\" data-element_type=\"widget\" data-e-type=\"widget\" data-widget_type=\"spacer.default\">\n\t\t\t\t<div class=\"elementor-widget-container\">\n\t\t\t\t\t\t\t<div class=\"elementor-spacer\">\n\t\t\t<div class=\"elementor-spacer-inner\"><\/div>\n\t\t<\/div>\n\t\t\t\t\t\t<\/div>\n\t\t\t\t<\/div>\n\t\t\t\t\t<\/div>\n\t\t<\/div>\n\t\t\t\t\t<\/div>\n\t\t<\/div>\n\t\t\t\t<section class=\"elementor-section elementor-top-section elementor-element elementor-element-84b0f2b elementor-section-boxed elementor-section-height-default elementor-section-height-default\" data-id=\"84b0f2b\" data-element_type=\"section\" data-e-type=\"section\">\n\t\t\t\t\t\t<div class=\"elementor-container elementor-column-gap-default\">\n\t\t\t\t\t<div class=\"elementor-column elementor-col-50 elementor-top-column elementor-element elementor-element-e489736\" data-id=\"e489736\" data-element_type=\"column\" data-e-type=\"column\">\n\t\t\t<div class=\"elementor-widget-wrap elementor-element-populated\">\n\t\t\t\t\t\t<div class=\"elementor-element elementor-element-4690eb9 elementor-widget elementor-widget-text-editor\" data-id=\"4690eb9\" data-element_type=\"widget\" data-e-type=\"widget\" data-widget_type=\"text-editor.default\">\n\t\t\t\t<div class=\"elementor-widget-container\">\n\t\t\t\t\t\t\t\t\t<p>LA CHAMPAGNE \u00c8 uN VIAGGIO IDEALE. un luogo, un lembo di terra dove il cielo ha spazi troppo grandi e nuvole troppe leggere e aeree per non rimanerne affascinati completamente, profondamente. Dove il sole, quando si svela irradiando di s\u00e9 le piccole ordinatissime vigne che punteggiano le morbide colline e le pianure che guardano a mezzogiorno, scalda con una leggerezza perfetta; non troppo, n\u00e9 troppo poco. Dove la luce ha angoli suggestivi nelle pieghe di un lungo tramonto o di un\u2019alba fredda e ventosa.<\/p><p><strong>Champagne<\/strong>, una regione del cuore, un vino del cuore, dove il dono della terra \u00e8 il primo costituente della magia. <br \/>La danza di mille bollicine che impreziosiscono la trama <br \/>lucente del calice.<\/p><p>Eppure, leggendo il disciplinare ci si trova di fronte a una definizione quasi banale: I vini di Champagne sono prodotti ed elaborati esclusivamente in una zona ben delimitata della provincia della <strong>Champagne<\/strong>, partendo da alcuni vitigni nobili, e con fermentazione naturale in bottiglia, secondo regole precise dettate da una normativa statale, che vanno a costituire lo Statuto dello\u00a0<strong>Champagne<\/strong>. Le regole principali di questo Statuto sono:<\/p><ul><li>impiego dei soli vitigni Chardonnay, Pinot Noir e Meunier (oltre alle altre quattro variet\u00e0 pure consentite ma poco usate: Pinot Blanc, Petit Meslier, Arbanne, Fromenteau)<\/li><li>potatura corta (sistema Royat, Chablis, Guyot);<\/li><li>resa massima in uva per ettaro;<\/li><li>resa massima alla pigiatura di 102 litri per 160 chili di uve;<\/li><li>gradazione minima fissata ogni anno;<\/li><li>preparazione dei vini in locali separati, dove si possono depositare solo vini di Champagne;<\/li><li>impiego del procedimento conosciuto con il nome di metodo \u201cchampenois\u201d;<\/li><li>conservazione in bottiglia per un minimo di quindici mesi, prima della spedizione.<\/li><\/ul>\t\t\t\t\t\t\t\t<\/div>\n\t\t\t\t<\/div>\n\t\t\t\t\t<\/div>\n\t\t<\/div>\n\t\t\t\t<div class=\"elementor-column elementor-col-50 elementor-top-column elementor-element elementor-element-ec42a5e\" data-id=\"ec42a5e\" data-element_type=\"column\" data-e-type=\"column\">\n\t\t\t<div class=\"elementor-widget-wrap elementor-element-populated\">\n\t\t\t\t\t\t<div class=\"elementor-element elementor-element-e3b9359 elementor-widget elementor-widget-image\" data-id=\"e3b9359\" data-element_type=\"widget\" data-e-type=\"widget\" data-widget_type=\"image.default\">\n\t\t\t\t<div class=\"elementor-widget-container\">\n\t\t\t\t\t\t\t\t\t\t\t\t\t\t\t<img decoding=\"async\" width=\"768\" height=\"1024\" src=\"https:\/\/thalerwineselection.it\/wp-content\/uploads\/2024\/01\/Champagne-Weinreben\u200b-768x1024.jpg\" class=\"attachment-large size-large wp-image-7616\" alt=\"Champagne Weinreben\" srcset=\"https:\/\/thalerwineselection.it\/wp-content\/uploads\/2024\/01\/Champagne-Weinreben\u200b-768x1025.jpg 768w, https:\/\/thalerwineselection.it\/wp-content\/uploads\/2024\/01\/Champagne-Weinreben\u200b-225x300.jpg 225w, https:\/\/thalerwineselection.it\/wp-content\/uploads\/2024\/01\/Champagne-Weinreben\u200b-630x840.jpg 630w, https:\/\/thalerwineselection.it\/wp-content\/uploads\/2024\/01\/Champagne-Weinreben\u200b.jpg 1000w\" sizes=\"(max-width: 768px) 100vw, 768px\" \/>\t\t\t\t\t\t\t\t\t\t\t\t\t\t\t<\/div>\n\t\t\t\t<\/div>\n\t\t\t\t\t<\/div>\n\t\t<\/div>\n\t\t\t\t\t<\/div>\n\t\t<\/section>\n\t\t\t\t<section class=\"elementor-section elementor-top-section elementor-element elementor-element-0ae4201 elementor-section-boxed elementor-section-height-default elementor-section-height-default\" data-id=\"0ae4201\" data-element_type=\"section\" data-e-type=\"section\">\n\t\t\t\t\t\t<div class=\"elementor-container elementor-column-gap-default\">\n\t\t\t\t\t<div class=\"elementor-column elementor-col-100 elementor-top-column elementor-element elementor-element-60a16af\" data-id=\"60a16af\" data-element_type=\"column\" data-e-type=\"column\">\n\t\t\t<div class=\"elementor-widget-wrap elementor-element-populated\">\n\t\t\t\t\t\t<div class=\"elementor-element elementor-element-b145dba elementor-widget elementor-widget-text-editor\" data-id=\"b145dba\" data-element_type=\"widget\" data-e-type=\"widget\" data-widget_type=\"text-editor.default\">\n\t\t\t\t<div class=\"elementor-widget-container\">\n\t\t\t\t\t\t\t\t\t<p>Definizione storica, questa, che dovr\u00e0 confrontarsi con nuove decisioni e modifiche, come quella del 29 luglio 2021, quando sono stati approvati sei provvedimenti che potranno entrare a far parte del disciplinare AOC.<\/p><p>A destare preoccupazione per\u00f2, \u00e8 stata una sola modifica, che prevede la possibilit\u00e0 di distanziare gli impianti con le Vignes Semi Larges (VSL), andando a variare l\u2019assunto secolare che stabiliva una distanza massima tra i filari di vite di 1,5 metri; una misura che, secondo i vignerons ha sempre rappresentato l\u2019equilibrio ideale tra resa e qualit\u00e0 costringendo le piante a competere per acqua e sostanze nutritive. L\u2019obiettivo era una resa minore, ma a una qualit\u00e0 superiore. D\u2019ora in poi, sar\u00e0 consentito l\u2019allargamento della distanza tra i filari fino a 2\/2,2 metri con una drastica riduzione della densit\u00e0 degli impianti. Tutto nasce da uno studio del Syndicat g\u00e9n\u00e9ral des vignerons (SGV) in collaborazione con alcuni tra vignerons, Maisons e studiosi di vari settori (climatologi, geologi, pedologi) arrivando alla conclusione che la variazione della densit\u00e0 di impianto potrebbe far fronte al cambiamento climatico, migliorare la resistenza alle gelate primaverili e allo stress idrico contribuendo a eliminare o ridurre l\u2019uso di erbicidi e pesticidi.<\/p><p>Tra i pareri positivi, per lo pi\u00f9 da parte delle Maisons, si sottolinea come la decisione avrebbe notevoli vantaggi economici, e le piante maggiormente distanziate sarebbero pi\u00f9 resistenti alla siccit\u00e0 e avrebbero bisogno di meno trattamenti. Moltissimi tra i vignerons, invece, osservano come la nuova proposta non sia tanto una lotta al riscaldamento climatico, quanto la volont\u00e0 di abbassare i costi della manodopera favorendo l\u2019industria, con un\u2019evidente compromissione della qualit\u00e0 delle uve, e la perdita delle tradizioni locali, la storia della Champagne e la sua assoluta artigianalit\u00e0. un ulteriore cambiamento \u00e8 la possibile introduzione di una variet\u00e0 resistente, il Voltis, che sar\u00e0 inclusa nell\u2019elenco dei vitigni da disciplinare. Potr\u00e0 essere piantata anche vicino alle abitazioni, giacch\u00e9 richiede un numero minore di trattamenti contro la peronospora e l\u2019oidio. Il Voltis non potr\u00e0 rappresentare pi\u00f9 del 5% degli ettari di propriet\u00e0 e non potr\u00e0 superare il 10% nei blend.<\/p><p><strong>ThalerWine Selection<\/strong> si schiera decisamente e apertamente contro queste decisioni, sempre al fianco dei vignerons e sempre a favore delle tradizioni champenoise, della storia, degli uomini e delle micro identit\u00e0 di luogo, geologia, clima ed esposizione dei vigneti.<\/p><p>Questo \u00e8 il nostro modo di sentire, ci\u00f2 che cerchiamo e ci\u00f2 che ci piace bere e proporvi.<\/p>\t\t\t\t\t\t\t\t<\/div>\n\t\t\t\t<\/div>\n\t\t\t\t\t<\/div>\n\t\t<\/div>\n\t\t\t\t\t<\/div>\n\t\t<\/section>\n\t\t\t\t<\/div>\n\t\t","protected":false},"excerpt":{"rendered":"<p>LA NOSTRA CHAMPAGNE: GEOLOGIA E IDENTIT\u00c1 LA CHAMPAGNE \u00c8 uN VIAGGIO IDEALE. un luogo, un lembo di terra dove il cielo ha spazi troppo grandi e nuvole troppe leggere e aeree per non rimanerne affascinati completamente, profondamente. Dove il sole, quando si svela irradiando di s\u00e9 le piccole ordinatissime vigne che punteggiano le morbide colline [&hellip;]<\/p>\n","protected":false},"author":1,"featured_media":0,"parent":0,"menu_order":0,"comment_status":"closed","ping_status":"closed","template":"","meta":{"inline_featured_image":false,"footnotes":""},"class_list":["post-7583","page","type-page","status-publish","hentry"],"aioseo_notices":[],"_links":{"self":[{"href":"https:\/\/thalerwineselection.it\/it\/wp-json\/wp\/v2\/pages\/7583","targetHints":{"allow":["GET"]}}],"collection":[{"href":"https:\/\/thalerwineselection.it\/it\/wp-json\/wp\/v2\/pages"}],"about":[{"href":"https:\/\/thalerwineselection.it\/it\/wp-json\/wp\/v2\/types\/page"}],"author":[{"embeddable":true,"href":"https:\/\/thalerwineselection.it\/it\/wp-json\/wp\/v2\/users\/1"}],"replies":[{"embeddable":true,"href":"https:\/\/thalerwineselection.it\/it\/wp-json\/wp\/v2\/comments?post=7583"}],"version-history":[{"count":55,"href":"https:\/\/thalerwineselection.it\/it\/wp-json\/wp\/v2\/pages\/7583\/revisions"}],"predecessor-version":[{"id":7731,"href":"https:\/\/thalerwineselection.it\/it\/wp-json\/wp\/v2\/pages\/7583\/revisions\/7731"}],"wp:attachment":[{"href":"https:\/\/thalerwineselection.it\/it\/wp-json\/wp\/v2\/media?parent=7583"}],"curies":[{"name":"wp","href":"https:\/\/api.w.org\/{rel}","templated":true}]}}