{"id":7638,"date":"2024-01-19T11:58:48","date_gmt":"2024-01-19T10:58:48","guid":{"rendered":"https:\/\/thalerwineselection.it\/?page_id=7638"},"modified":"2024-01-23T10:10:27","modified_gmt":"2024-01-23T09:10:27","slug":"la-peculiarita-dei-villages","status":"publish","type":"page","link":"https:\/\/thalerwineselection.it\/it\/la-nostra-champagne\/la-peculiarita-dei-villages\/","title":{"rendered":"La peculiarit\u00e0 dei villages\u200b"},"content":{"rendered":"\t\t<div data-elementor-type=\"wp-page\" data-elementor-id=\"7638\" class=\"elementor elementor-7638\">\n\t\t\t\t\t\t<div class=\"elementor-section elementor-top-section elementor-element elementor-element-7ad2e4a elementor-section-full_width elementor-section-stretched elementor-section-height-min-height elementor-section-height-default elementor-section-items-middle\" data-id=\"7ad2e4a\" data-element_type=\"section\" data-e-type=\"section\" data-settings=\"{&quot;stretch_section&quot;:&quot;section-stretched&quot;,&quot;background_background&quot;:&quot;classic&quot;}\">\n\t\t\t\t\t\t\t<div class=\"elementor-background-overlay\"><\/div>\n\t\t\t\t\t\t\t<div class=\"elementor-container elementor-column-gap-no\">\n\t\t\t\t\t<div class=\"elementor-column elementor-col-100 elementor-top-column elementor-element elementor-element-52212e8\" data-id=\"52212e8\" data-element_type=\"column\" data-e-type=\"column\">\n\t\t\t<div class=\"elementor-widget-wrap elementor-element-populated\">\n\t\t\t\t\t\t<div class=\"elementor-element elementor-element-b1a26f3 elementor-widget elementor-widget-heading\" data-id=\"b1a26f3\" data-element_type=\"widget\" data-e-type=\"widget\" data-widget_type=\"heading.default\">\n\t\t\t\t<div class=\"elementor-widget-container\">\n\t\t\t\t\t<h2 class=\"elementor-heading-title elementor-size-default\">LA PECULIARIT\u00c0 DEI VILLAGES<\/h2>\t\t\t\t<\/div>\n\t\t\t\t<\/div>\n\t\t\t\t\t<\/div>\n\t\t<\/div>\n\t\t\t\t\t<\/div>\n\t\t<\/div>\n\t\t\t\t<section class=\"elementor-section elementor-top-section elementor-element elementor-element-6970fd69 elementor-section-boxed elementor-section-height-default elementor-section-height-default\" data-id=\"6970fd69\" data-element_type=\"section\" data-e-type=\"section\">\n\t\t\t\t\t\t<div class=\"elementor-container elementor-column-gap-default\">\n\t\t\t\t\t<div class=\"elementor-column elementor-col-100 elementor-top-column elementor-element elementor-element-2e5a122f\" data-id=\"2e5a122f\" data-element_type=\"column\" data-e-type=\"column\">\n\t\t\t<div class=\"elementor-widget-wrap elementor-element-populated\">\n\t\t\t\t\t\t<div class=\"elementor-element elementor-element-465f9d5c elementor-widget__width-initial elementor-widget elementor-widget-text-editor\" data-id=\"465f9d5c\" data-element_type=\"widget\" data-e-type=\"widget\" data-widget_type=\"text-editor.default\">\n\t\t\t\t<div class=\"elementor-widget-container\">\n\t\t\t\t\t\t\t\t\t<p>UNA CERTA LETTURA CLASSICA DELLA REGIONE CHAMPAGNE ci porta a parlare di aree regionali e di Cru. concetti, questi, che riteniamo ampiamente superati.<\/p><p>Cru, inteso come luogo vocato latore di qualit\u00e0 maggiore, \u00e8 nato per unire i concetti di notoriet\u00e0, originalit\u00e0 e qualit\u00e0 di un vigneto, quindi dovrebbe esprimere caratteristiche superiori di un particolare terroir, dei vitigni che vi sono coltivati e delle uve che vi vengono raccolte. In <strong>Champagne<\/strong> la scala dei Cru indica la classificazione dei vigneti su tassi percentuali qualitativi rispetto al migliore a cui si attribuisce il 100%. Esistono 17 cru al 100% (Grand Cru) che sono: Ambonnay, Avize, A\u00ff, Beaumont-sur-Vesle, Chouilly, Cramant, Bouzy, Louvois, Mailly, Le Mesnil-sur-Oger, Oger, Oiry, Sillery, Puisieulx, Tours-sur-Marne, Verzenay e Verzy.<\/p><p>Ma \u00e8 la natura del sottosuolo e l\u2019esposizione delle parcelle che hanno determinato la distribuzione dei vitigni della <strong>Champagne<\/strong> nei diversi territori.<\/p><p>La C\u00f4te des Blancs, la C\u00f4te de S\u00e9zanne e Vitry-le-Francois poggiano su terreni gessosi affioranti esposti a est. Qui si coltiva in prevalenza lo Chardonnay, che richiede un regime idrico regolare.<\/p><p>Esposta a mezzogiorno, con gli strati gessosi inclusi a profondit\u00e0 maggiori, la Montagne de reims \u00e8 soprattutto coltivata a Pinot Noir.<\/p><p>La Vall\u00e9e del la Marne, con le piccole vallate e i massicci che circondano reims (Massif de St-Thierry, Vall\u00e9e de l\u2019Ardre, Petite Montagne) sono tendenzialmente marnosi, argillosi o sabbiosi, con esposizione variabile tra sud, est e nord.<\/p><p>Nella C\u00f4te des Bar, costituita in ampia misura da marne, i vigneti pi\u00f9 comuni sono di Pinot Noir.<\/p><p>Le viti, quindi, sono piantate su terreni calcarei o argillocalcarei, a volte modificati da apporti esterni (terre nere, terre alloctone, sabbia, torba, ecc.)<\/p><p>In numerosi Cru del dipartimento della Marne, il sottosuolo \u00e8 costituito da gesso puro (tenore in CaCO3 vicino al 100%), ma varia dalle sabbie della regione a ovest di reims, alle marne nell\u2019Aisne e al kimmeridgiano nel dipartimento dell\u2019Aube.<\/p><p>Il gesso del sottosuolo garantisce un drenaggio perfetto che permette l\u2019infiltrazione delle acque in eccesso, conservando al tempo stesso la giusta umidit\u00e0 nel terreno. Inoltre svolge un ruolo regolatore estremamente benefico, in quanto \u00e8 in grado di immagazzinare e restituire il calore del sole.<\/p><p>Queste sono linee generali ormai conosciute ai pi\u00f9 e scritte in forma pi\u00f9 o meno professionale.<\/p><p>Noi preferiamo ritenere autorevole, come gi\u00e0 riferito, la difformit\u00e0 geologica, climatica, pedologica, di relazione umana con la storia e la tradizione vitivinicola di 319 villages differenti, ripetiamo 319. In realt\u00e0, sorprendentemente poco \u00e8 stato scritto sulla Champagne, utilizzando quest\u2019ampia differenziazione come metodo di valutazione, sui singoli villages, non solo rispetto alla Borgogna, ma anche rispetto all\u2019Alsazia, al rodano o alla Loira. Le descrizioni generaliste della Champagne come regione vinicola &#8211; e sono molte &#8211; di solito si accontentano di raccontare l\u2019area suddividendola in cinque sotto regioni. Bisognerebbe invece analizzare, nello specifico, tutti i 59 villaggi Grand Cru e Premier Cru con qualche concreto riferimento geologico, climatico e di conduzione viticola.<\/p><p>\u00c8 quello che faremo noi, per i village su cui operano i produttori del nostro catalogo.<\/p>\t\t\t\t\t\t\t\t<\/div>\n\t\t\t\t<\/div>\n\t\t\t\t\t<\/div>\n\t\t<\/div>\n\t\t\t\t\t<\/div>\n\t\t<\/section>\n\t\t\t\t<\/div>\n\t\t","protected":false},"excerpt":{"rendered":"<p>LA PECULIARIT\u00c0 DEI VILLAGES UNA CERTA LETTURA CLASSICA DELLA REGIONE CHAMPAGNE ci porta a parlare di aree regionali e di Cru. concetti, questi, che riteniamo ampiamente superati. Cru, inteso come luogo vocato latore di qualit\u00e0 maggiore, \u00e8 nato per unire i concetti di notoriet\u00e0, originalit\u00e0 e qualit\u00e0 di un vigneto, quindi dovrebbe esprimere caratteristiche superiori [&hellip;]<\/p>\n","protected":false},"author":1,"featured_media":0,"parent":7583,"menu_order":20,"comment_status":"closed","ping_status":"closed","template":"","meta":{"inline_featured_image":false,"footnotes":""},"class_list":["post-7638","page","type-page","status-publish","hentry"],"aioseo_notices":[],"_links":{"self":[{"href":"https:\/\/thalerwineselection.it\/it\/wp-json\/wp\/v2\/pages\/7638","targetHints":{"allow":["GET"]}}],"collection":[{"href":"https:\/\/thalerwineselection.it\/it\/wp-json\/wp\/v2\/pages"}],"about":[{"href":"https:\/\/thalerwineselection.it\/it\/wp-json\/wp\/v2\/types\/page"}],"author":[{"embeddable":true,"href":"https:\/\/thalerwineselection.it\/it\/wp-json\/wp\/v2\/users\/1"}],"replies":[{"embeddable":true,"href":"https:\/\/thalerwineselection.it\/it\/wp-json\/wp\/v2\/comments?post=7638"}],"version-history":[{"count":17,"href":"https:\/\/thalerwineselection.it\/it\/wp-json\/wp\/v2\/pages\/7638\/revisions"}],"predecessor-version":[{"id":7700,"href":"https:\/\/thalerwineselection.it\/it\/wp-json\/wp\/v2\/pages\/7638\/revisions\/7700"}],"up":[{"embeddable":true,"href":"https:\/\/thalerwineselection.it\/it\/wp-json\/wp\/v2\/pages\/7583"}],"wp:attachment":[{"href":"https:\/\/thalerwineselection.it\/it\/wp-json\/wp\/v2\/media?parent=7638"}],"curies":[{"name":"wp","href":"https:\/\/api.w.org\/{rel}","templated":true}]}}